{"id":70,"date":"2024-02-22T15:32:40","date_gmt":"2024-02-22T14:32:40","guid":{"rendered":"https:\/\/www.jeanpierreconnes.com\/?page_id=70"},"modified":"2024-02-22T15:38:17","modified_gmt":"2024-02-22T14:38:17","slug":"note-de-lediteur","status":"publish","type":"page","link":"https:\/\/www.jeanpierreconnes.com\/index.php\/note-de-lediteur\/","title":{"rendered":"Note de l&rsquo;editeur"},"content":{"rendered":"\n<div class=\"wp-block-media-text alignwide has-media-on-the-right is-stacked-on-mobile is-vertically-aligned-center\" style=\"grid-template-columns:auto 52%\"><div class=\"wp-block-media-text__content\">\n<blockquote class=\"wp-block-quote is-layout-flow wp-block-quote-is-layout-flow\">\n<div class=\"wp-block-columns is-layout-flex wp-container-core-columns-is-layout-28f84493 wp-block-columns-is-layout-flex\">\n<div class=\"wp-block-column is-layout-flow wp-block-column-is-layout-flow\" style=\"flex-basis:100%\">\n<p class=\"has-text-align-left\">Tout ce que Jean-Pierre Conn\u00e8s a pu tenter, faire, dans ses vingt- cinq derni\u00e8res ann\u00e9es des plus marquantes de sa carri\u00e8re professionnelle, n\u2019aurait pu \u00eatre, dit-il, sans le soutien inconditionnel, la bienveillance, la patience, la pertinence et l\u2019amour de sa conjointe, Th\u00e9r\u00e8se ROUSSEAU, connue sous le nom de Th\u00e9r\u00e8se VAUTIER, elle-m\u00eame Technico Commerciale en bureautique, mobilier, fournitures de bureau, dont le s\u00e9rieux, la r\u00e9putation, le conseil et l\u2019\u00e9coute ont justifi\u00e9 de l\u2019excellence de sa carri\u00e8re. Elle l\u2019a quitt\u00e9 des suites d\u2019une affection de longue dur\u00e9e, le 14 mai 2022. Il l\u2019en remercie profond\u00e9ment de tout son amour, son absence lui \u00e9tant insupportable. Il est dit que les grands r\u00eaves poussent les Hommes aux grandes actions.\u00a0\u00bbEn relativisant la cons\u00e9quence et l\u2019importance de ses actions, dit-il, c\u2019est \u00e0 Th\u00e9r\u00e8se qu\u2019il le doit\u00a0\u00bb.<\/p>\n<\/div>\n<\/div>\n<\/blockquote>\n<\/div><figure class=\"wp-block-media-text__media\"><img fetchpriority=\"high\" decoding=\"async\" width=\"436\" height=\"292\" src=\"https:\/\/www.jeanpierreconnes.com\/wp-content\/uploads\/2024\/02\/therese.webp\" alt=\"\" class=\"wp-image-74 size-full\" srcset=\"https:\/\/www.jeanpierreconnes.com\/wp-content\/uploads\/2024\/02\/therese.webp 436w, https:\/\/www.jeanpierreconnes.com\/wp-content\/uploads\/2024\/02\/therese-300x201.webp 300w\" sizes=\"(max-width: 436px) 100vw, 436px\" \/><\/figure><\/div>\n","protected":false},"excerpt":{"rendered":"","protected":false},"author":1,"featured_media":0,"parent":0,"menu_order":0,"comment_status":"closed","ping_status":"closed","template":"","meta":{"footnotes":""},"class_list":["post-70","page","type-page","status-publish","hentry"],"_links":{"self":[{"href":"https:\/\/www.jeanpierreconnes.com\/index.php\/wp-json\/wp\/v2\/pages\/70","targetHints":{"allow":["GET"]}}],"collection":[{"href":"https:\/\/www.jeanpierreconnes.com\/index.php\/wp-json\/wp\/v2\/pages"}],"about":[{"href":"https:\/\/www.jeanpierreconnes.com\/index.php\/wp-json\/wp\/v2\/types\/page"}],"author":[{"embeddable":true,"href":"https:\/\/www.jeanpierreconnes.com\/index.php\/wp-json\/wp\/v2\/users\/1"}],"replies":[{"embeddable":true,"href":"https:\/\/www.jeanpierreconnes.com\/index.php\/wp-json\/wp\/v2\/comments?post=70"}],"version-history":[{"count":11,"href":"https:\/\/www.jeanpierreconnes.com\/index.php\/wp-json\/wp\/v2\/pages\/70\/revisions"}],"predecessor-version":[{"id":82,"href":"https:\/\/www.jeanpierreconnes.com\/index.php\/wp-json\/wp\/v2\/pages\/70\/revisions\/82"}],"wp:attachment":[{"href":"https:\/\/www.jeanpierreconnes.com\/index.php\/wp-json\/wp\/v2\/media?parent=70"}],"curies":[{"name":"wp","href":"https:\/\/api.w.org\/{rel}","templated":true}]}}